{"id":16970,"date":"2022-01-03T16:59:43","date_gmt":"2022-01-03T16:59:43","guid":{"rendered":"https:\/\/nexplasmagen.com\/a-propos\/"},"modified":"2022-01-06T16:00:26","modified_gmt":"2022-01-06T16:00:26","slug":"a-propos","status":"publish","type":"page","link":"https:\/\/nexplasmagen.com\/fr\/a-propos\/","title":{"rendered":"\u00c0 propos"},"content":{"rendered":"<div class=\"wpb-content-wrapper\"><p>[vc_row css_animation=\u00a0\u00bb\u00a0\u00bb row_type=\u00a0\u00bbrow\u00a0\u00bb use_row_as_full_screen_section=\u00a0\u00bbno\u00a0\u00bb type=\u00a0\u00bbgrid\u00a0\u00bb angled_section=\u00a0\u00bbno\u00a0\u00bb text_align=\u00a0\u00bbleft\u00a0\u00bb background_image_as_pattern=\u00a0\u00bbwithout_pattern\u00a0\u00bb padding_top=\u00a0\u00bb80&Prime; padding_bottom=\u00a0\u00bb0&Prime; background_color=\u00a0\u00bb#ffffff\u00a0\u00bb][vc_column][vc_column_text]<\/p>\n<h2 style=\"text-align: left;\"><span style=\"font-size: 24pt;\">Notre Histoire<br \/>\n<\/span><\/h2>\n<p>[\/vc_column_text][vc_separator type=\u00a0\u00bbsmall\u00a0\u00bb position=\u00a0\u00bbleft\u00a0\u00bb transparency=\u00a0\u00bb1&Prime; thickness=\u00a0\u00bb5&Prime;][vc_column_text]<span style=\"font-size: 14pt; color: #000000;\">NexPlasmaGen Inc. est une entreprise canadienne qui applique les technologies du plasma froid au traitement du cancer, s&rsquo;effor\u00e7ant d&rsquo;am\u00e9liorer les r\u00e9sultats pour les patients.<\/span><\/p>\n<p>&nbsp;<\/p>\n<p><span style=\"font-size: 14pt; color: #000000;\">Notre premi\u00e8re technologie de plasma froid, le jet de plasma convertible (CPJ), a \u00e9t\u00e9 d\u00e9velopp\u00e9e en collaboration avec des partenaires universitaires et de soins de sant\u00e9 depuis de nombreuses ann\u00e9es. Plusieurs articles et conf\u00e9rences ont \u00e9t\u00e9 publi\u00e9s sur le CPJ.<\/span><\/p>\n<p><span style=\"color: #000000; font-size: 14pt;\">\u00a0<\/span>[\/vc_column_text][\/vc_column][\/vc_row][vc_row css_animation=\u00a0\u00bb\u00a0\u00bb row_type=\u00a0\u00bbrow\u00a0\u00bb use_row_as_full_screen_section=\u00a0\u00bbno\u00a0\u00bb type=\u00a0\u00bbfull_width\u00a0\u00bb angled_section=\u00a0\u00bbno\u00a0\u00bb text_align=\u00a0\u00bbleft\u00a0\u00bb background_image_as_pattern=\u00a0\u00bbwithout_pattern\u00a0\u00bb][vc_column][vc_empty_space height=\u00a0\u00bb22px\u00a0\u00bb][\/vc_column][\/vc_row][vc_row css_animation=\u00a0\u00bb\u00a0\u00bb row_type=\u00a0\u00bbrow\u00a0\u00bb use_row_as_full_screen_section=\u00a0\u00bbno\u00a0\u00bb type=\u00a0\u00bbgrid\u00a0\u00bb angled_section=\u00a0\u00bbno\u00a0\u00bb text_align=\u00a0\u00bbleft\u00a0\u00bb background_image_as_pattern=\u00a0\u00bbwithout_pattern\u00a0\u00bb padding_top=\u00a0\u00bb80&Prime; padding_bottom=\u00a0\u00bb0&Prime; background_color=\u00a0\u00bb#ffffff\u00a0\u00bb][vc_column][vc_column_text]<\/p>\n<h2 style=\"text-align: left;\"><span style=\"font-size: 24pt;\">O\u00f9 sommes-nous aujourd&rsquo;hui?<\/span><\/h2>\n<p>[\/vc_column_text][vc_separator type=\u00a0\u00bbsmall\u00a0\u00bb position=\u00a0\u00bbleft\u00a0\u00bb transparency=\u00a0\u00bb1&Prime; thickness=\u00a0\u00bb5&Prime;][vc_column_text]<span style=\"font-size: 14pt; color: #000000;\">Le dispositif CPJ a achev\u00e9 avec succ\u00e8s un programme d&rsquo;essais pr\u00e9cliniques in vitro et in vivo pour d\u00e9montrer sur un mod\u00e8le de souris qu&rsquo;il peut tuer les cellules r\u00e9siduelles du cancer du sein dans le lit de la tumeur apr\u00e8s l&rsquo;ablation de celle-ci. <\/span><\/p>\n<p>&nbsp;<\/p>\n<p><span style=\"font-size: 14pt; color: #000000;\">D\u00e9couvrez notre <span style=\"text-decoration: underline;\"><span style=\"color: #0000ff; text-decoration: underline;\"><a style=\"color: #0000ff; text-decoration: underline;\" href=\"https:\/\/nexplasmagen.com\/fr\/technologie\/\">Technologie<\/a><\/span><\/span> et <span style=\"text-decoration: underline;\"><a href=\"https:\/\/nexplasmagen.com\/fr\/faits\/\"><span style=\"color: #0000ff; text-decoration: underline;\">Les faits<\/span><\/a><\/span> pour en apprendre davantage.<\/span>[\/vc_column_text][\/vc_column][\/vc_row][vc_row css_animation=\u00a0\u00bb\u00a0\u00bb row_type=\u00a0\u00bbrow\u00a0\u00bb use_row_as_full_screen_section=\u00a0\u00bbno\u00a0\u00bb type=\u00a0\u00bbfull_width\u00a0\u00bb angled_section=\u00a0\u00bbno\u00a0\u00bb text_align=\u00a0\u00bbleft\u00a0\u00bb background_image_as_pattern=\u00a0\u00bbwithout_pattern\u00a0\u00bb][vc_column][vc_empty_space height=\u00a0\u00bb22px\u00a0\u00bb][\/vc_column][\/vc_row][vc_row css_animation=\u00a0\u00bb\u00a0\u00bb row_type=\u00a0\u00bbrow\u00a0\u00bb use_row_as_full_screen_section=\u00a0\u00bbno\u00a0\u00bb type=\u00a0\u00bbgrid\u00a0\u00bb angled_section=\u00a0\u00bbno\u00a0\u00bb text_align=\u00a0\u00bbleft\u00a0\u00bb background_image_as_pattern=\u00a0\u00bbwithout_pattern\u00a0\u00bb padding_top=\u00a0\u00bb80&Prime; padding_bottom=\u00a0\u00bb0&Prime; background_color=\u00a0\u00bb#ffffff\u00a0\u00bb][vc_column][vc_column_text]<\/p>\n<h2 style=\"text-align: left;\"><span style=\"font-size: 24pt;\">O\u00f9 allons-nous?<\/span><\/h2>\n<p>[\/vc_column_text][vc_separator type=\u00a0\u00bbsmall\u00a0\u00bb position=\u00a0\u00bbleft\u00a0\u00bb transparency=\u00a0\u00bb1&Prime; thickness=\u00a0\u00bb5&Prime;][vc_column_text]<span style=\"font-size: 14pt; color: #000000;\">Nous pr\u00e9parons actuellement les premiers essais sur l&rsquo;homme avec le dispositif CPJ pour d\u00e9montrer qu&rsquo;il peut tuer de fa\u00e7on s\u00e9curitaire les cellules r\u00e9siduelles du cancer du sein dans le lit de la tumeur apr\u00e8s l&rsquo;ablation de celle-ci.<\/span>[\/vc_column_text][\/vc_column][\/vc_row][vc_row css_animation=\u00a0\u00bb\u00a0\u00bb row_type=\u00a0\u00bbrow\u00a0\u00bb use_row_as_full_screen_section=\u00a0\u00bbno\u00a0\u00bb type=\u00a0\u00bbfull_width\u00a0\u00bb angled_section=\u00a0\u00bbno\u00a0\u00bb text_align=\u00a0\u00bbleft\u00a0\u00bb background_image_as_pattern=\u00a0\u00bbwithout_pattern\u00a0\u00bb][vc_column][vc_empty_space height=\u00a0\u00bb75px\u00a0\u00bb][\/vc_column][\/vc_row]<\/p>\n<\/div>","protected":false},"excerpt":{"rendered":"<p>[vc_row css_animation=\u00a0\u00bb\u00a0\u00bb row_type=\u00a0\u00bbrow\u00a0\u00bb use_row_as_full_screen_section=\u00a0\u00bbno\u00a0\u00bb type=\u00a0\u00bbgrid\u00a0\u00bb angled_section=\u00a0\u00bbno\u00a0\u00bb text_align=\u00a0\u00bbleft\u00a0\u00bb background_image_as_pattern=\u00a0\u00bbwithout_pattern\u00a0\u00bb padding_top=\u00a0\u00bb80&Prime; padding_bottom=\u00a0\u00bb0&Prime; background_color=\u00a0\u00bb#ffffff\u00a0\u00bb][vc_column][vc_column_text] Notre Histoire [\/vc_column_text][vc_separator type=\u00a0\u00bbsmall\u00a0\u00bb position=\u00a0\u00bbleft\u00a0\u00bb transparency=\u00a0\u00bb1&Prime; thickness=\u00a0\u00bb5&Prime;][vc_column_text]NexPlasmaGen Inc. est une entreprise canadienne qui applique les technologies du plasma froid au traitement du cancer, s&rsquo;effor\u00e7ant d&rsquo;am\u00e9liorer les r\u00e9sultats pour les patients. &nbsp; Notre premi\u00e8re technologie&#8230;<\/p>\n","protected":false},"author":1,"featured_media":0,"parent":0,"menu_order":0,"comment_status":"open","ping_status":"closed","template":"full_width.php","meta":{"footnotes":""},"class_list":["post-16970","page","type-page","status-publish","hentry"],"_links":{"self":[{"href":"https:\/\/nexplasmagen.com\/fr\/wp-json\/wp\/v2\/pages\/16970"}],"collection":[{"href":"https:\/\/nexplasmagen.com\/fr\/wp-json\/wp\/v2\/pages"}],"about":[{"href":"https:\/\/nexplasmagen.com\/fr\/wp-json\/wp\/v2\/types\/page"}],"author":[{"embeddable":true,"href":"https:\/\/nexplasmagen.com\/fr\/wp-json\/wp\/v2\/users\/1"}],"replies":[{"embeddable":true,"href":"https:\/\/nexplasmagen.com\/fr\/wp-json\/wp\/v2\/comments?post=16970"}],"version-history":[{"count":7,"href":"https:\/\/nexplasmagen.com\/fr\/wp-json\/wp\/v2\/pages\/16970\/revisions"}],"predecessor-version":[{"id":17041,"href":"https:\/\/nexplasmagen.com\/fr\/wp-json\/wp\/v2\/pages\/16970\/revisions\/17041"}],"wp:attachment":[{"href":"https:\/\/nexplasmagen.com\/fr\/wp-json\/wp\/v2\/media?parent=16970"}],"curies":[{"name":"wp","href":"https:\/\/api.w.org\/{rel}","templated":true}]}}